{"id":1634,"date":"2025-06-09T18:46:07","date_gmt":"2025-06-09T16:46:07","guid":{"rendered":"https:\/\/activite-contributive.org\/?page_id=1634"},"modified":"2025-12-01T11:05:02","modified_gmt":"2025-12-01T10:05:02","slug":"activite-contributive-du-mouvement-sportif-federe","status":"publish","type":"page","link":"https:\/\/activite-contributive.org\/index.php\/activite-contributive-du-mouvement-sportif-federe\/","title":{"rendered":"Activit\u00e9 contributive du mouvement sportif f\u00e9d\u00e9r\u00e9"},"content":{"rendered":"<p>Le sport et le mouvement sportif f&eacute;d&eacute;r&eacute; repose sur l&rsquo;apport de l&rsquo;<a class=\"glossaryLink\"  aria-describedby=\"tt\"  data-cmtooltip=\"&lt;div class=glossaryItemTitle&gt;Activit&eacute; contributive&lt;\/div&gt;&lt;div class=glossaryItemBody&gt;&amp;lt;!-- wp:paragraph --&amp;gt;Selon le Pr&eacute;ambule de la Premi&egrave;re D&eacute;claration des droits du contributeur, l&rsquo;activit&eacute; contributive d&eacute;signe l&rsquo;activit&eacute; humaine qui prend place, en dehors du cadre marchand et de l&rsquo;emploi, sans r&eacute;tribution lucrative.&amp;lt;br&amp;gt;&amp;lt;br&amp;gt;Elle concerne les actions qui sont effectu&eacute;es parce qu&rsquo;elles sont n&eacute;cessaires au niveau social, sanitaire, culturel, environnemental ou humain, m&ecirc;me quand elles n&rsquo;ont pas de &laquo;mod&egrave;le &eacute;conomique&raquo;.&amp;lt;br\/&amp;gt;&amp;lt;!-- \/wp:paragraph --&amp;gt;&amp;lt;!-- wp:paragraph --&amp;gt;Tr&egrave;s simplement, on peut dire que l&rsquo;activit&eacute; contributive n&amp;#039;est ni solvable ni publique mais n&eacute;cessaire. Elle constitue une forme de service &eacute;cosyst&eacute;mique fourni par les particuliers.&amp;lt;br&amp;gt;&amp;lt;br&amp;gt;Elle existe depuis la soci&eacute;t&eacute; de march&eacute; existe. Elle en est un pilier au m&ecirc;me titre que le travail, le capital, l&amp;#039;&eacute;tat, ou la nature. On peut la consid&eacute;rer comme l&amp;#039;&eacute;quivalent des services &eacute;cosyst&eacute;miques, op&eacute;r&eacute;s par les humains.&amp;lt;br\/&amp;gt;&amp;lt;!-- \/wp:paragraph --&amp;gt;&amp;lt;!-- wp:paragraph --&amp;gt;Une partie de l&amp;#039;activit&eacute; contributive est requise : nous n&amp;#039;avons pas le choix, nous devons la faire car elle soutient notre capacit&eacute; &agrave; fonctionner (les activit&eacute;s de la sph&egrave;re domestique ou du care, le travail du consommateur, de l&amp;#039;usager num&eacute;rique ou de l&amp;#039;usager de services publics).&amp;lt;br\/&amp;gt;&amp;lt;!-- \/wp:paragraph --&amp;gt;&amp;lt;!-- wp:paragraph --&amp;gt;Tout le reste de l&amp;#039;activit&eacute; contributive est choisie et correspond &agrave; nos engagements.&amp;lt;br\/&amp;gt;&amp;lt;!-- \/wp:paragraph --&amp;gt;&amp;lt;!-- wp:paragraph --&amp;gt;&amp;lt;br&amp;gt;&amp;lt;br\/&amp;gt;&amp;lt;!-- \/wp:paragraph --&amp;gt;&lt;\/div&gt;\"  href=\"https:\/\/activite-contributive.org\/index.php\/glossary\/activite-contributive\/\"  data-gt-translate-attributes='[{\"attribute\":\"data-cmtooltip\", \"format\":\"html\"}]'  tabindex='0' role='link'>activit&eacute; contributive<\/a> : le b&eacute;n&eacute;volat bien &eacute;videmment mais aussi les efforts des familles et, bien souvent, l&rsquo;activit&eacute; des sportifs eux-m&ecirc;mes.<\/p>\n\n\n\n<p><a href=\"https:\/\/activite-contributive.org\/index.php\/extraits-bonus\/\" data-type=\"page\" data-id=\"379\">Une premi&egrave;re &eacute;tude sur la mesure de l&rsquo;activit&eacute; contributive en France <\/a> a estim&eacute; l&rsquo;apport des contributeurs b&eacute;n&eacute;voles &agrave; 11 milliards d&rsquo;euros. Ce chiffre ne tenait pas compte de l&rsquo;effort des familles ni des sportifs. Elle soulignait qu&rsquo;il convenait de souligner que ces 11 milliards d&rsquo;euros irriguaient les 76 milliards de la fili&egrave;re commerciale sportive.<\/p>\n\n\n\n<p>Les Jeux Olympiques et Paralympiques de Paris 2024 ont &eacute;t&eacute; l&rsquo;occasion d&rsquo;une seconde &eacute;tude, une <a href=\"https:\/\/activite-contributive.org\/index.php\/paris-2024\/\" data-type=\"page\" data-id=\"1389\">estimation symbolique de l&rsquo;apport <a class=\"glossaryLink\"  aria-describedby=\"tt\"  data-cmtooltip=\"&lt;div class=glossaryItemTitle&gt;Contributif&lt;\/div&gt;&lt;div class=glossaryItemBody&gt;&amp;lt;!-- wp:paragraph --&amp;gt;Contribuer, c&rsquo;est litt&eacute;ralement participer &agrave; une &oelig;uvre commune. Plus g&eacute;n&eacute;ralement, on comprend la contribution comme une action qui a un effet b&eacute;n&eacute;fique sur les autres ou sur l&rsquo;environnement. &amp;lt;br\/&amp;gt;&amp;lt;!-- \/wp:paragraph --&amp;gt;&amp;lt;!-- wp:paragraph --&amp;gt;Mais la dimension contributive va encore plus loin. Contribuer, ce n&rsquo;est pas seulement avoir un impact&nbsp; positif, c&rsquo;est-&agrave;-dire produire une &eacute;volution&nbsp; souhaitable. Contribuer, c&rsquo;est aussi faire quelque chose de n&eacute;cessaire, de requis, quelque chose sans lequel on ne pourrait pas fonctionner. Quelque chose qui n&rsquo;est pas facultatif, qui doit &ecirc;tre fait, que ce soit par le contributeur ou par quelqu&rsquo;un&amp;lt;br&amp;gt;d&rsquo;autre.&amp;lt;br\/&amp;gt;&amp;lt;!-- \/wp:paragraph --&amp;gt;&amp;lt;!-- wp:paragraph --&amp;gt;&Eacute;merge ainsi une d&eacute;finition &eacute;largie du contributif : &amp;lt;br\/&amp;gt;&amp;lt;!-- \/wp:paragraph --&amp;gt;&amp;lt;!-- wp:paragraph --&amp;gt;&laquo; Une activit&eacute; est contributive dans la mesure o&ugrave; elle produit un bien ou un service imp&eacute;rieux (non facultatif) ou souhaitable. &raquo; &amp;lt;br\/&amp;gt;&amp;lt;!-- \/wp:paragraph --&amp;gt;&amp;lt;!-- wp:paragraph --&amp;gt;Mais cette d&eacute;finition n&rsquo;est pas suffisante : il ne suffit pas d&rsquo;&ecirc;tre imp&eacute;rieux ou d&rsquo;avoir un effet positif pour &ecirc;tre &laquo;contributif&raquo;, &amp;lt;strong&amp;gt;dans le sens de l&rsquo;activit&eacute; contributive&amp;lt;\/strong&amp;gt;. Encore faut-il que cette contribution &eacute;chappe au lucratif. &amp;lt;br\/&amp;gt;&amp;lt;!-- \/wp:paragraph --&amp;gt;&amp;lt;!-- wp:paragraph --&amp;gt;Le lucratif d&eacute;signe ce qui est op&eacute;r&eacute; prioritairement en vue d&amp;#039;obtenir de l&amp;#039;argent, soit pour atteindre la solvabilit&eacute; (l&amp;#039;&eacute;quilibre des co&ucirc;ts et des ressources) soit pour cr&eacute;er du profit (le surplus de ressources par rapport aux co&ucirc;ts).&amp;lt;br\/&amp;gt;&amp;lt;!-- \/wp:paragraph --&amp;gt;&amp;lt;!-- wp:paragraph --&amp;gt;Le contributif r&eacute;pond donc &agrave; ce qui est n&eacute;cessaire sans &ecirc;tre solvable.&amp;lt;br\/&amp;gt;&amp;lt;!-- \/wp:paragraph --&amp;gt;&lt;\/div&gt;\"  href=\"https:\/\/activite-contributive.org\/index.php\/glossary\/contributif\/\"  data-gt-translate-attributes='[{\"attribute\":\"data-cmtooltip\", \"format\":\"html\"}]'  tabindex='0' role='link'>contributif<\/a> &agrave; l&rsquo;&eacute;v&eacute;nement<\/a>. Les chiffres montraient &agrave; quel point les mesures officielles &eacute;taient en dessous du r&eacute;el. On pouvait en effet estimer l&rsquo;apport contributif aux JOP2024 &agrave; pr&egrave;s de 403 millions d&rsquo;euros, effectu&eacute;s par pr&egrave;s de 515 000 contributeurs, soit environ 9% du budget total des Jeux<sup data-fn=\"75d1a677-efec-4917-ac12-e0580b01da66\" class=\"fn\"><a href=\"#75d1a677-efec-4917-ac12-e0580b01da66\" id=\"75d1a677-efec-4917-ac12-e0580b01da66-link\">1<\/a><\/sup>.<\/p>\n\n\n\n<p>Cette &eacute;tude et son relais par <a href=\"https:\/\/www.lemonde.fr\/idees\/article\/2024\/08\/30\/paris-2024-l-integration-par-le-sport-doit-concerner-autant-les-benevoles-que-les-sportifs_6299528_3232.html\" data-type=\"link\" data-id=\"https:\/\/www.lemonde.fr\/idees\/article\/2024\/08\/30\/paris-2024-l-integration-par-le-sport-doit-concerner-autant-les-benevoles-que-les-sportifs_6299528_3232.html\">une tribune dans <em>Le Monde<\/em><\/a> ont permis de mettre le sujet en lumi&egrave;re :<\/p>\n\n\n\n<ul>\n<li>le d&eacute;put&eacute; de la Loire, Pierrick Courbon, a pos&eacute; une question sur la visibilit&eacute; et l&rsquo;h&eacute;ritage des 515 000 contributeurs &agrave; Tony Estanguet lors de son audition &agrave; l&rsquo;Assembl&eacute;e nationale,<\/li>\n<\/ul>\n\n\n\n<ul>\n<li>Mme Am&eacute;lie Oud&eacute;a-Cast&eacute;ra a soulign&eacute; l&rsquo;importance du th&egrave;me dans son &laquo;&nbsp;oral&nbsp;&raquo; pour le poste de Pr&eacute;sidente du CNOSF.<\/li>\n<\/ul>\n\n\n\n<div class=\"wp-block-columns is-layout-flex wp-container-core-columns-is-layout-1 wp-block-columns-is-layout-flex\">\n<div class=\"wp-block-column is-layout-flow wp-block-column-is-layout-flow\">\n<figure class=\"wp-block-video\"><video controls src=\"http:\/\/activite-contributive.org\/wp-content\/uploads\/2025\/06\/question-assemblee-sous-titree.mp4\"><\/video><\/figure>\n\n\n\n<p class=\"has-small-font-size\"><em>A l&rsquo;Assembl&eacute;e nationale<\/em><\/p>\n<\/div>\n\n\n\n<div class=\"wp-block-column is-layout-flow wp-block-column-is-layout-flow\">\n<figure class=\"wp-block-video\"><video controls src=\"https:\/\/activite-contributive.org\/wp-content\/uploads\/2025\/06\/AOC-gd-oral-sstitre.mp4\"><\/video><\/figure>\n\n\n\n<p class=\"has-small-font-size\"><em>Au CNOSF<\/em><\/p>\n<\/div>\n<\/div>\n\n\n\n<p>Certains leviers de soutien &agrave; l&rsquo;activit&eacute; contributive ont d&rsquo;ores et d&eacute;j&agrave; &eacute;t&eacute; identifi&eacute;s, mais sont-ils les meilleures r&eacute;ponses &agrave; la diversit&eacute; des enjeux de l&rsquo;activit&eacute; contributive et des profils de contributeurs ?<\/p>\n\n\n\n<p>Ainsi l&rsquo;Initiative Contributive d&eacute;fend l&rsquo;importance pour le CNOSF d&rsquo;investir et de s&rsquo;approprier le sujet dans toute son ampleur et son importance. Forger l&rsquo;avenir du mod&egrave;le du mouvement sportif f&eacute;d&eacute;r&eacute; en d&eacute;pend car d&rsquo;une part, les contributeurs changent dans les formes de leur engagement, et d&rsquo;autre part l&rsquo;activit&eacute; contributive est de plus en plus sollicit&eacute;e et de moins en moins soutenue.<\/p>\n\n\n\n<p>Ainsi, pour prendre la mesure des d&eacute;fis et construire les r&eacute;ponses avec pertinence, deux priorit&eacute;s s&rsquo;imposent :<\/p>\n\n\n\n<ol>\n<li><strong>R&eacute;diger un rapport d&rsquo;&eacute;tude et d&rsquo;&eacute;tat des lieux de l&rsquo;Activit&eacute; Contributive dans le sport<\/strong> :\n<ul>\n<li>d&eacute;finir les champs d&rsquo;observation et d&rsquo;analyse pertinent : haut-niveau, sport citoyennet&eacute;, sport pour tous, sport sant&eacute;, inclusion&nbsp;par&nbsp;le&nbsp;sport,etc ;<\/li>\n\n\n\n<li>d&eacute;finir les modalit&eacute;s de recueil d&rsquo;informations fiables ;<\/li>\n\n\n\n<li>pr&eacute;figurer des exp&eacute;rimentations ;<\/li>\n\n\n\n<li>pr&eacute;parer la mise en place pour les prochains grands rendez-vous sportifs fran&ccedil;ais.<\/li>\n<\/ul>\n<\/li>\n\n\n\n<li><strong>Produire un &laquo;&nbsp;livre blanc&nbsp;&raquo; sur la m&eacute;thodologie d&rsquo;organisation et de gestion de l&rsquo;Activit&eacute; Contributive<\/strong> :\n<ul>\n<li>Proposer des pistes d&rsquo;action pour mobiliser et soutenir les contributeurs ;<\/li>\n\n\n\n<li>&Eacute;valuer avec elles le r&ocirc;le les parties prenantes hors mouvement sportif et contributeurs, autrement dit les collectivit&eacute;s et les entreprises ;<\/li>\n\n\n\n<li>Proposer la premi&egrave;re grande exp&eacute;rimentation d&rsquo;accompagnement des contributeurs.<\/li>\n\n\n\n<li>Produire un plaidoyer simple &agrave; diffuser vers le grand public, les instances publiques fran&ccedil;aises et europ&eacute;ennes, le mouvement sportif international et le CIO.<\/li>\n<\/ul>\n<\/li>\n<\/ol>\n\n\n\n<p><strong>L&rsquo;&eacute;tude<\/strong> devrait permettre la mise en place d&rsquo;outils et de proc&eacute;dure de recueils de donn&eacute;es concernant l&rsquo;activit&eacute; contributive dans le sport, et aboutir sur une premi&egrave;re exp&eacute;rimentation.<\/p>\n\n\n\n<p><strong>Le Livre blanc<\/strong> sera le socle de la communication et du plaidoyer politique. Il devrait permettre la mise en place avec les collectivit&eacute;s et les entreprises d&rsquo;une premi&egrave;re exp&eacute;rimentation de mobilisation et de soutien aux contributeurs.<\/p>\n\n\n\n<hr class=\"wp-block-separator has-alpha-channel-opacity\">\n\n\n<ol class=\"wp-block-footnotes has-small-font-size\"><li id=\"75d1a677-efec-4917-ac12-e0580b01da66\">Hors &eacute;quipement Soci&eacute;t&eacute; de Livraison des Ouvrages Olympiques &ndash; SOLIDEO.<br>&Agrave; noter que &laquo;&nbsp;Le budget final de l&rsquo;organisation des Jeux de #Paris2024, qui atteint 4,494 milliards d&rsquo;euros, avait b&eacute;n&eacute;fici&eacute; de contributions publiques &agrave; hauteur de 204,1 millions d&rsquo;euros &ndash; soit 4,5 % du montant total &ndash;, fl&eacute;ch&eacute;s vers le financement des Jeux paralympiques, structurellement d&eacute;ficitaires.&nbsp;&raquo; (Voir <a href=\"https:\/\/www.lemonde.fr\/sport\/article\/2025\/06\/09\/les-jo-de-paris-2024-ont-degage-un-excedent-budgetaire-revu-a-la-hausse-de-76-millions-d-euros-c-est-de-l-argent-qui-va-au-sport-se-felicite-tony-estanguet_6611572_3242.html\" target=\"_blank\" rel=\"noreferrer noopener\">article dans <em>Le Monde<\/em> <\/a>du 9 juin 2025)<br> <a href=\"#75d1a677-efec-4917-ac12-e0580b01da66-link\" aria-label=\"Aller &agrave; la note de bas de page 1\">&#8617;&#65038;<\/a><\/li><\/ol>","protected":false},"excerpt":{"rendered":"<p>Le sport et le mouvement sportif f&eacute;d&eacute;r&eacute; repose sur l&rsquo;apport de l&rsquo;activit&eacute; contributive : le b&eacute;n&eacute;volat bien &eacute;videmment mais aussi les efforts des familles et, bien souvent, l&rsquo;activit&eacute; des sportifs eux-m&ecirc;mes. Une premi&egrave;re &eacute;tude sur la mesure de l&rsquo;activit&eacute; contributive en France a estim&eacute; l&rsquo;apport des contributeurs b&eacute;n&eacute;voles &agrave; 11 milliards d&rsquo;euros. Ce chiffre ne [&hellip;]<\/p>\n","protected":false},"author":1,"featured_media":0,"parent":0,"menu_order":0,"comment_status":"closed","ping_status":"closed","template":"","meta":{"footnotes":"[{\"content\":\"Hors \u00e9quipement Soci\u00e9t\u00e9 de Livraison des Ouvrages Olympiques - SOLIDEO.<br>\u00c0 noter que \\\"Le budget final de l'organisation des Jeux de #Paris2024, qui atteint 4,494 milliards d'euros, avait b\u00e9n\u00e9fici\u00e9 de contributions publiques \u00e0 hauteur de 204,1 millions d'euros \u2013 soit 4,5 % du montant total \u2013, fl\u00e9ch\u00e9s vers le financement des Jeux paralympiques, structurellement d\u00e9ficitaires.\\\" (Voir <a href=\\\"https:\/\/www.lemonde.fr\/sport\/article\/2025\/06\/09\/les-jo-de-paris-2024-ont-degage-un-excedent-budgetaire-revu-a-la-hausse-de-76-millions-d-euros-c-est-de-l-argent-qui-va-au-sport-se-felicite-tony-estanguet_6611572_3242.html\\\" target=\\\"_blank\\\" rel=\\\"noreferrer noopener\\\">article dans <em>Le Monde<\/em> <\/a>du 9 juin 2025)<br>\",\"id\":\"75d1a677-efec-4917-ac12-e0580b01da66\"}]"},"_links":{"self":[{"href":"https:\/\/activite-contributive.org\/index.php\/wp-json\/wp\/v2\/pages\/1634"}],"collection":[{"href":"https:\/\/activite-contributive.org\/index.php\/wp-json\/wp\/v2\/pages"}],"about":[{"href":"https:\/\/activite-contributive.org\/index.php\/wp-json\/wp\/v2\/types\/page"}],"author":[{"embeddable":true,"href":"https:\/\/activite-contributive.org\/index.php\/wp-json\/wp\/v2\/users\/1"}],"replies":[{"embeddable":true,"href":"https:\/\/activite-contributive.org\/index.php\/wp-json\/wp\/v2\/comments?post=1634"}],"version-history":[{"count":8,"href":"https:\/\/activite-contributive.org\/index.php\/wp-json\/wp\/v2\/pages\/1634\/revisions"}],"predecessor-version":[{"id":1671,"href":"https:\/\/activite-contributive.org\/index.php\/wp-json\/wp\/v2\/pages\/1634\/revisions\/1671"}],"wp:attachment":[{"href":"https:\/\/activite-contributive.org\/index.php\/wp-json\/wp\/v2\/media?parent=1634"}],"curies":[{"name":"wp","href":"https:\/\/api.w.org\/{rel}","templated":true}]}}