{"id":25,"date":"2024-02-08T18:39:31","date_gmt":"2024-02-08T17:39:31","guid":{"rendered":"http:\/\/activite-contributive.org\/?page_id=25"},"modified":"2025-10-25T11:42:08","modified_gmt":"2025-10-25T09:42:08","slug":"le-nouveau-e-mucem-ouvre-ses-portes-2","status":"publish","type":"page","link":"https:\/\/activite-contributive.org\/","title":{"rendered":"L&rsquo;activit\u00e9 contributive"},"content":{"rendered":"\n<div class=\"wp-block-group alignwide\" style=\"font-size:15px\"><div class=\"wp-block-group__inner-container is-layout-flow wp-block-group-is-layout-flow\">\n<h1 class=\"wp-block-heading has-text-align-center has-accent-color has-text-color has-link-color wp-elements-4e367c133ca78f2ddd3a2d13b4ad7293\" style=\"font-size:38px\">Le livre et plus !<\/h1>\n<\/div><\/div>\n\n\n\n<h5 class=\"wp-block-heading has-text-align-center\">D\u00e9couvrir le sujet et le livre en 3 minutes !<\/h5>\n\n\n\n<div class=\"wp-block-columns is-layout-flex wp-container-core-columns-is-layout-1 wp-block-columns-is-layout-flex\">\n<div class=\"wp-block-column is-layout-flow wp-block-column-is-layout-flow\">\n<div class=\"wp-block-fv-player-gutenberg-basic\"><iframe id='fv_vimeo_c856818b01ea738be0e52e2f04e17983' src='\/\/player.vimeo.com\/video\/909984124' width='640' height='360' frameborder='0' webkitallowfullscreen mozallowfullscreen allowfullscreen><\/iframe>\n<\/div>\n\n\n\n<p style=\"font-size:11px\">Une vid\u00e9o r\u00e9alis\u00e9e par <a href=\"https:\/\/vinceduquestories.com\/\" data-type=\"link\" data-id=\"https:\/\/vinceduquestories.com\/\">Vince Duqu\u00e9<\/a>. 2024.<\/p>\n<\/div>\n<\/div>\n\n\n\n<h4 class=\"wp-block-heading has-text-align-center has-accent-color has-text-color has-link-color wp-elements-644a0077a814175ebfe139b1e29bb321\">Lire le d\u00e9but du livre<\/h4>\n\n\n\n<div class=\"wp-block-columns is-layout-flex wp-container-core-columns-is-layout-2 wp-block-columns-is-layout-flex\">\n<div class=\"wp-block-column is-layout-flow wp-block-column-is-layout-flow\"><\/div>\n\n\n\n<div class=\"wp-block-column is-layout-flow wp-block-column-is-layout-flow\"><div class=\"_df_thumb \" id=\"df_1152\"  _slug=\"le-livre\" data-title=\"le-livre\" wpoptions=\"true\" thumb=\"http:\/\/activite-contributive.org\/wp-content\/uploads\/2024\/03\/couv-livre.jpg\" thumbtype=\"\" >le livre<\/div><script class=\"df-shortcode-script\" nowprocket type=\"application\/javascript\">window.option_df_1152 = {\"outline\":[],\"backgroundColor\":\"#F5EFE0\",\"autoEnableOutline\":\"false\",\"autoEnableThumbnail\":\"false\",\"overwritePDFOutline\":\"false\",\"enableDownload\":\"false\",\"direction\":\"1\",\"pageSize\":\"1\",\"pageMode\":\"1\",\"singlePageMode\":\"2\",\"controlsPosition\":\"bottom\",\"soundEnable\":\"false\",\"maxTextureSize\":\"2048\",\"source\":\"http:\\\/\\\/activite-contributive.org\\\/wp-content\\\/uploads\\\/2024\\\/03\\\/Lipsyc-activite-contributive-ouverture.pdf\",\"wpOptions\":\"true\"}; if(window.DFLIP && window.DFLIP.parseBooks){window.DFLIP.parseBooks();}<\/script>\n<\/div>\n\n\n\n<div class=\"wp-block-column is-layout-flow wp-block-column-is-layout-flow\"><\/div>\n<\/div>\n\n\n\n<p class=\"has-text-align-center has-small-font-size\"><a href=\"https:\/\/activite-contributive.org\/index.php\/extraits-bonus\/\">Lire d&rsquo;autres extraits<\/a><\/p>\n\n\n\n<h4 class=\"wp-block-heading has-text-align-center has-accent-color has-text-color has-link-color has-larger-font-size wp-elements-2225f9c85782bcefcaab48010c890429\">Agenda<\/h4>\n\n\n\n<figure class=\"wp-block-image size-large\"><img loading=\"lazy\" decoding=\"async\" width=\"1024\" height=\"576\" src=\"https:\/\/activite-contributive.org\/wp-content\/uploads\/2025\/10\/afterT-1024x576.jpg\" alt=\"\" class=\"wp-image-1653\" srcset=\"https:\/\/activite-contributive.org\/wp-content\/uploads\/2025\/10\/afterT-1024x576.jpg 1024w, https:\/\/activite-contributive.org\/wp-content\/uploads\/2025\/10\/afterT-300x169.jpg 300w, https:\/\/activite-contributive.org\/wp-content\/uploads\/2025\/10\/afterT-768x432.jpg 768w, https:\/\/activite-contributive.org\/wp-content\/uploads\/2025\/10\/afterT-1536x864.jpg 1536w, https:\/\/activite-contributive.org\/wp-content\/uploads\/2025\/10\/afterT-1200x675.jpg 1200w, https:\/\/activite-contributive.org\/wp-content\/uploads\/2025\/10\/afterT.jpg 1920w\" sizes=\"(max-width: 1024px) 100vw, 1024px\" \/><\/figure>\n\n\n\n<p class=\"has-text-align-center has-small-font-size\"><a href=\"https:\/\/www.forum104.org\/tous-les-evenements\/controverse-dutilite-publique-est-ce-que-tout-travail-merite-salaire\">Informations et inscriptions<\/a><\/p>\n\n\n\n<figure class=\"wp-block-image size-large\"><img loading=\"lazy\" decoding=\"async\" width=\"1024\" height=\"576\" src=\"https:\/\/activite-contributive.org\/wp-content\/uploads\/2025\/10\/conf-fec-1024x576.jpg\" alt=\"\" class=\"wp-image-1655\" srcset=\"https:\/\/activite-contributive.org\/wp-content\/uploads\/2025\/10\/conf-fec-1024x576.jpg 1024w, https:\/\/activite-contributive.org\/wp-content\/uploads\/2025\/10\/conf-fec-300x169.jpg 300w, https:\/\/activite-contributive.org\/wp-content\/uploads\/2025\/10\/conf-fec-768x432.jpg 768w, https:\/\/activite-contributive.org\/wp-content\/uploads\/2025\/10\/conf-fec-1536x864.jpg 1536w, https:\/\/activite-contributive.org\/wp-content\/uploads\/2025\/10\/conf-fec-1200x675.jpg 1200w, https:\/\/activite-contributive.org\/wp-content\/uploads\/2025\/10\/conf-fec.jpg 1920w\" sizes=\"(max-width: 1024px) 100vw, 1024px\" \/><\/figure>\n\n\n\n<p class=\"has-text-align-center has-accent-color has-text-color has-link-color has-small-font-size wp-elements-17dd49b913d97be900bf7847d74b143f\"><a href=\"https:\/\/www.fec-strasbourg.org\/animations-culturelles\/conferences\/\" data-type=\"link\" data-id=\"https:\/\/www.fec-strasbourg.org\/animations-culturelles\/conferences\/\">Informations<\/a><\/p>\n\n\n\n<figure class=\"wp-block-image size-large\"><img loading=\"lazy\" decoding=\"async\" width=\"1024\" height=\"576\" src=\"https:\/\/activite-contributive.org\/wp-content\/uploads\/2025\/01\/placard-poche-site-1024x576.png\" alt=\"\" class=\"wp-image-1603\" srcset=\"https:\/\/activite-contributive.org\/wp-content\/uploads\/2025\/01\/placard-poche-site-1024x576.png 1024w, https:\/\/activite-contributive.org\/wp-content\/uploads\/2025\/01\/placard-poche-site-300x169.png 300w, https:\/\/activite-contributive.org\/wp-content\/uploads\/2025\/01\/placard-poche-site-768x432.png 768w, https:\/\/activite-contributive.org\/wp-content\/uploads\/2025\/01\/placard-poche-site-1536x864.png 1536w, https:\/\/activite-contributive.org\/wp-content\/uploads\/2025\/01\/placard-poche-site-1200x675.png 1200w, https:\/\/activite-contributive.org\/wp-content\/uploads\/2025\/01\/placard-poche-site.png 1920w\" sizes=\"(max-width: 1024px) 100vw, 1024px\" \/><\/figure>\n\n\n\n<figure class=\"wp-block-image size-large\"><a href=\"https:\/\/activite-contributive.org\/index.php\/paris-2024\/\"><img loading=\"lazy\" decoding=\"async\" width=\"1024\" height=\"576\" src=\"https:\/\/activite-contributive.org\/wp-content\/uploads\/2024\/10\/placard-accueil-site-1024x576.png\" alt=\"\" class=\"wp-image-1561\" srcset=\"https:\/\/activite-contributive.org\/wp-content\/uploads\/2024\/10\/placard-accueil-site-1024x576.png 1024w, https:\/\/activite-contributive.org\/wp-content\/uploads\/2024\/10\/placard-accueil-site-300x169.png 300w, https:\/\/activite-contributive.org\/wp-content\/uploads\/2024\/10\/placard-accueil-site-768x432.png 768w, https:\/\/activite-contributive.org\/wp-content\/uploads\/2024\/10\/placard-accueil-site-1536x864.png 1536w, https:\/\/activite-contributive.org\/wp-content\/uploads\/2024\/10\/placard-accueil-site-1200x675.png 1200w, https:\/\/activite-contributive.org\/wp-content\/uploads\/2024\/10\/placard-accueil-site.png 1920w\" sizes=\"(max-width: 1024px) 100vw, 1024px\" \/><\/a><\/figure>\n\n\n\n<div class=\"wp-block-columns is-layout-flex wp-container-core-columns-is-layout-3 wp-block-columns-is-layout-flex\">\n<div class=\"wp-block-column is-layout-flow wp-block-column-is-layout-flow\">\n<figure class=\"wp-block-image size-large\"><a href=\"https:\/\/thestory.world\/\" target=\"_blank\" rel=\"noreferrer noopener\"><img loading=\"lazy\" decoding=\"async\" width=\"1024\" height=\"576\" src=\"https:\/\/activite-contributive.org\/wp-content\/uploads\/2025\/01\/placard-derive-poursiteAC-1024x576.png\" alt=\"\" class=\"wp-image-1605\" srcset=\"https:\/\/activite-contributive.org\/wp-content\/uploads\/2025\/01\/placard-derive-poursiteAC-1024x576.png 1024w, https:\/\/activite-contributive.org\/wp-content\/uploads\/2025\/01\/placard-derive-poursiteAC-300x169.png 300w, https:\/\/activite-contributive.org\/wp-content\/uploads\/2025\/01\/placard-derive-poursiteAC-768x432.png 768w, https:\/\/activite-contributive.org\/wp-content\/uploads\/2025\/01\/placard-derive-poursiteAC-1536x864.png 1536w, https:\/\/activite-contributive.org\/wp-content\/uploads\/2025\/01\/placard-derive-poursiteAC-1200x675.png 1200w, https:\/\/activite-contributive.org\/wp-content\/uploads\/2025\/01\/placard-derive-poursiteAC.png 1920w\" sizes=\"(max-width: 1024px) 100vw, 1024px\" \/><\/a><\/figure>\n<\/div>\n<\/div>\n\n\n\n<h4 class=\"wp-block-heading has-text-align-center has-accent-color has-text-color has-link-color wp-elements-5f2f8f38a60aa954cbe363914435abd0\">La s\u00e9rie vid\u00e9o<\/h4>\n\n\n\n<p class=\"has-text-align-center has-small-font-size\">8 \u00e9pisodes<\/p>\n\n\n\n<p class=\"has-text-align-center has-small-font-size\"><strong>1 \u00e9pisode &#8211; 1 minute &#8211; 1 point-cl\u00e9 <\/strong><br>pour comprendre l&rsquo;activit\u00e9 contributive<\/p>\n\n\n\n<p class=\"has-text-align-center has-small-font-size\"><a href=\"https:\/\/activite-contributive.org\/index.php\/les-videos\/\" data-type=\"page\" data-id=\"376\">D\u00e9couvrez le programme !<\/a><\/p>\n\n\n\n<div class=\"wp-block-columns is-layout-flex wp-container-core-columns-is-layout-4 wp-block-columns-is-layout-flex\">\n<div class=\"wp-block-column is-layout-flow wp-block-column-is-layout-flow\" style=\"flex-basis:100%\">\n<figure class=\"wp-block-embed is-type-video is-provider-vimeo wp-block-embed-vimeo wp-embed-aspect-16-9 wp-has-aspect-ratio\"><div class=\"wp-block-embed__wrapper\">\n<iframe loading=\"lazy\" title=\"Mon\u00e9tiser, mais qu&#039;est-ce que c&#039;est ?\" src=\"https:\/\/player.vimeo.com\/video\/929489323?dnt=1&amp;app_id=122963\" width=\"580\" height=\"326\" frameborder=\"0\" allow=\"autoplay; fullscreen; picture-in-picture; clipboard-write; encrypted-media; web-share\" referrerpolicy=\"strict-origin-when-cross-origin\"><\/iframe>\n<\/div><\/figure>\n<\/div>\n<\/div>\n\n\n\n<h4 class=\"wp-block-heading has-text-align-center has-accent-color has-text-color\"><strong>L&rsquo;avis d&rsquo;un libraire<\/strong><\/h4>\n\n\n\n<p class=\"has-text-align-center has-primary-color has-text-color has-small-font-size\">Lors d&rsquo;une rencontre organis\u00e9e par la Librairie la 25e Heure, le 6 juin 2024, le libraire a donn\u00e9 son avis sur le livre&#8230;&nbsp;<\/p>\n\n\n\n<figure class=\"wp-block-embed is-type-video is-provider-vimeo wp-block-embed-vimeo wp-embed-aspect-16-9 wp-has-aspect-ratio\"><div class=\"wp-block-embed__wrapper\">\n<iframe loading=\"lazy\" title=\"L&#039;avis du Libraire\" src=\"https:\/\/player.vimeo.com\/video\/956347812?dnt=1&amp;app_id=122963\" width=\"580\" height=\"326\" frameborder=\"0\" allow=\"autoplay; fullscreen; picture-in-picture; clipboard-write; encrypted-media; web-share\" referrerpolicy=\"strict-origin-when-cross-origin\"><\/iframe>\n<\/div><\/figure>\n\n\n\n<h4 class=\"wp-block-heading has-text-align-center has-accent-color has-text-color\"><strong>&nbsp;Autour du livre<\/strong>&nbsp;<\/h4>\n\n\n\n<p class=\"has-small-font-size\">Retrouvez dans cette <a href=\"https:\/\/activite-contributive.org\/index.php\/autour-du-livre\/\" data-type=\"page\" data-id=\"143\">rubrique<\/a> tout ce qu&rsquo;il faut pour \u00e9largir votre exp\u00e9rience de lecture ! Envie de consulter un document cit\u00e9 ? D&rsquo;\u00e9claircir un concept ? C&rsquo;est par ici &#8230;<\/p>\n\n\n\n<div class=\"wp-block-columns is-layout-flex wp-container-core-columns-is-layout-7 wp-block-columns-is-layout-flex\">\n<div class=\"wp-block-column is-layout-flow wp-block-column-is-layout-flow\">\n<div class=\"wp-block-columns is-layout-flex wp-container-core-columns-is-layout-5 wp-block-columns-is-layout-flex\">\n<div class=\"wp-block-column is-layout-flow wp-block-column-is-layout-flow\">\n<figure class=\"wp-block-image size-full\"><a href=\"https:\/\/activite-contributive.org\/index.php\/documents-cites\/\"><img loading=\"lazy\" decoding=\"async\" width=\"709\" height=\"709\" src=\"http:\/\/activite-contributive.org\/wp-content\/uploads\/2024\/02\/doc-2.png\" alt=\"\" class=\"wp-image-193\" srcset=\"https:\/\/activite-contributive.org\/wp-content\/uploads\/2024\/02\/doc-2.png 709w, https:\/\/activite-contributive.org\/wp-content\/uploads\/2024\/02\/doc-2-300x300.png 300w, https:\/\/activite-contributive.org\/wp-content\/uploads\/2024\/02\/doc-2-150x150.png 150w\" sizes=\"(max-width: 709px) 100vw, 709px\" \/><\/a><\/figure>\n<\/div>\n\n\n\n<div class=\"wp-block-column is-layout-flow wp-block-column-is-layout-flow\">\n<figure class=\"wp-block-image size-full\"><a href=\"https:\/\/activite-contributive.org\/index.php\/extraits-bonus\/\"><img loading=\"lazy\" decoding=\"async\" width=\"709\" height=\"709\" src=\"http:\/\/activite-contributive.org\/wp-content\/uploads\/2024\/02\/extraits-2.png\" alt=\"\" class=\"wp-image-200\" srcset=\"https:\/\/activite-contributive.org\/wp-content\/uploads\/2024\/02\/extraits-2.png 709w, https:\/\/activite-contributive.org\/wp-content\/uploads\/2024\/02\/extraits-2-300x300.png 300w, https:\/\/activite-contributive.org\/wp-content\/uploads\/2024\/02\/extraits-2-150x150.png 150w\" sizes=\"(max-width: 709px) 100vw, 709px\" \/><\/a><\/figure>\n<\/div>\n<\/div>\n<\/div>\n\n\n\n<div class=\"wp-block-column is-layout-flow wp-block-column-is-layout-flow\">\n<div class=\"wp-block-columns is-layout-flex wp-container-core-columns-is-layout-6 wp-block-columns-is-layout-flex\">\n<div class=\"wp-block-column is-layout-flow wp-block-column-is-layout-flow\">\n<figure class=\"wp-block-image size-full\"><a href=\"https:\/\/activite-contributive.org\/index.php\/glossary\/\"><img loading=\"lazy\" decoding=\"async\" width=\"709\" height=\"709\" src=\"http:\/\/activite-contributive.org\/wp-content\/uploads\/2024\/02\/glossaire.png\" alt=\"\" class=\"wp-image-196\" srcset=\"https:\/\/activite-contributive.org\/wp-content\/uploads\/2024\/02\/glossaire.png 709w, https:\/\/activite-contributive.org\/wp-content\/uploads\/2024\/02\/glossaire-300x300.png 300w, https:\/\/activite-contributive.org\/wp-content\/uploads\/2024\/02\/glossaire-150x150.png 150w\" sizes=\"(max-width: 709px) 100vw, 709px\" \/><\/a><\/figure>\n<\/div>\n\n\n\n<div class=\"wp-block-column is-layout-flow wp-block-column-is-layout-flow\">\n<figure class=\"wp-block-image size-full\"><a href=\"https:\/\/activite-contributive.org\/index.php\/les-videos\/\"><img loading=\"lazy\" decoding=\"async\" width=\"709\" height=\"709\" src=\"http:\/\/activite-contributive.org\/wp-content\/uploads\/2024\/02\/videos2-1.png\" alt=\"\" class=\"wp-image-205\" srcset=\"https:\/\/activite-contributive.org\/wp-content\/uploads\/2024\/02\/videos2-1.png 709w, https:\/\/activite-contributive.org\/wp-content\/uploads\/2024\/02\/videos2-1-300x300.png 300w, https:\/\/activite-contributive.org\/wp-content\/uploads\/2024\/02\/videos2-1-150x150.png 150w\" sizes=\"(max-width: 709px) 100vw, 709px\" \/><\/a><\/figure>\n<\/div>\n<\/div>\n<\/div>\n<\/div>\n\n\n\n<h4 class=\"wp-block-heading has-text-align-center has-accent-color has-text-color has-link-color wp-elements-18a0c7a11dbb1114257b19ccd9c5fb35\">Faites le point sur votre activit\u00e9  contributive<\/h4>\n\n\n<div class=\"wp-block-image\">\n<figure class=\"aligncenter size-full\"><img loading=\"lazy\" decoding=\"async\" width=\"500\" height=\"282\" src=\"https:\/\/activite-contributive.org\/wp-content\/uploads\/2024\/04\/28000kkbb2.png\" alt=\"\" class=\"wp-image-1298\" srcset=\"https:\/\/activite-contributive.org\/wp-content\/uploads\/2024\/04\/28000kkbb2.png 500w, https:\/\/activite-contributive.org\/wp-content\/uploads\/2024\/04\/28000kkbb2-300x169.png 300w\" sizes=\"(max-width: 500px) 100vw, 500px\" \/><\/figure><\/div>\n\n\n<p class=\"has-small-font-size\">En France, en moyenne, nous consacrons chacun l&rsquo;\u00e9quivalent de 3 journ\u00e9es de travail par semaine \u00e0 l&rsquo;activit\u00e9 contributive. Soit l&rsquo;\u00e9quivalent de <strong>28 000 \u20ac. <\/strong><\/p>\n\n\n\n<p class=\"has-text-align-center has-small-font-size\">Et vous, combien de temps consacrez-vous \u00e0 l&rsquo;activit\u00e9 contributive ? <\/p>\n\n\n\n<p class=\"has-text-align-center has-small-font-size\">Et s&rsquo;il fallait payer quelqu&rsquo;un pour la faire \u00e0 votre place, combien cela co\u00fbterait-il ? <\/p>\n\n\n\n<div class=\"wp-block-buttons is-content-justification-center is-nowrap is-layout-flex wp-container-core-buttons-is-layout-1 wp-block-buttons-is-layout-flex\">\n<div class=\"wp-block-button\"><a class=\"wp-block-button__link has-text-align-center wp-element-button\" href=\"https:\/\/activite-contributive.org\/index.php\/ma-contribution\/\">Je calcule ma contribution<\/a><\/div>\n<\/div>\n\n\n\n<div class=\"wp-block-columns is-layout-flex wp-container-core-columns-is-layout-8 wp-block-columns-is-layout-flex\">\n<div class=\"wp-block-column is-layout-flow wp-block-column-is-layout-flow\">\n<h4 class=\"wp-block-heading has-text-align-center has-accent-color has-text-color\"><strong>&nbsp;<\/strong>Quoi de neuf ?&nbsp;<\/h4>\n\n\n\n<p class=\"has-text-align-center has-small-font-size\">Pour voir les prochaines vid\u00e9os et lire les prochains articles, avoir les infos sur les conf\u00e9rences, les \u00e9v\u00e9nements et le lancement du livre<\/p>\n\n\n\n<div class=\"wp-block-buttons is-content-justification-center is-nowrap is-layout-flex wp-container-core-buttons-is-layout-2 wp-block-buttons-is-layout-flex\">\n<div class=\"wp-block-button\"><a class=\"wp-block-button__link has-text-align-center wp-element-button\" href=\"https:\/\/activite-contributive.org\/index.php\/savoir-ce-quil-se-passe\/\">Je m&rsquo;inscris<\/a><\/div>\n<\/div>\n<\/div>\n<\/div>\n\n\n\n<h4 class=\"wp-block-heading has-text-align-center has-accent-color has-text-color has-link-color wp-elements-78321f6d120dc95cda45cc05a58360e7\">Vous voulez parler du livre ?<\/h4>\n\n\n\n<div class=\"wp-block-buttons is-content-justification-center is-layout-flex wp-container-core-buttons-is-layout-3 wp-block-buttons-is-layout-flex\">\n<div class=\"wp-block-button\"><a class=\"wp-block-button__link has-text-align-center wp-element-button\" href=\"https:\/\/activite-contributive.org\/index.php\/le-livre-en-service-presse\/\">demandez le livre en service presse<\/a><\/div>\n<\/div>\n","protected":false},"excerpt":{"rendered":"<p>Le livre et plus ! D\u00e9couvrir le sujet et le livre en 3 minutes ! Une vid\u00e9o r\u00e9alis\u00e9e par Vince Duqu\u00e9. 2024. Lire le d\u00e9but du livre Lire d&rsquo;autres extraits Agenda Informations et inscriptions Informations La s\u00e9rie vid\u00e9o 8 \u00e9pisodes 1 \u00e9pisode &#8211; 1 minute &#8211; 1 point-cl\u00e9 pour comprendre l&rsquo;activit\u00e9 contributive D\u00e9couvrez le programme [&hellip;]<\/p>\n","protected":false},"author":1,"featured_media":0,"parent":0,"menu_order":0,"comment_status":"closed","ping_status":"closed","template":"","meta":{"footnotes":""},"_links":{"self":[{"href":"https:\/\/activite-contributive.org\/index.php\/wp-json\/wp\/v2\/pages\/25"}],"collection":[{"href":"https:\/\/activite-contributive.org\/index.php\/wp-json\/wp\/v2\/pages"}],"about":[{"href":"https:\/\/activite-contributive.org\/index.php\/wp-json\/wp\/v2\/types\/page"}],"author":[{"embeddable":true,"href":"https:\/\/activite-contributive.org\/index.php\/wp-json\/wp\/v2\/users\/1"}],"replies":[{"embeddable":true,"href":"https:\/\/activite-contributive.org\/index.php\/wp-json\/wp\/v2\/comments?post=25"}],"version-history":[{"count":146,"href":"https:\/\/activite-contributive.org\/index.php\/wp-json\/wp\/v2\/pages\/25\/revisions"}],"predecessor-version":[{"id":1658,"href":"https:\/\/activite-contributive.org\/index.php\/wp-json\/wp\/v2\/pages\/25\/revisions\/1658"}],"wp:attachment":[{"href":"https:\/\/activite-contributive.org\/index.php\/wp-json\/wp\/v2\/media?parent=25"}],"curies":[{"name":"wp","href":"https:\/\/api.w.org\/{rel}","templated":true}]}}