{"id":376,"date":"2024-02-19T18:45:33","date_gmt":"2024-02-19T17:45:33","guid":{"rendered":"https:\/\/activite-contributive.org\/?page_id=376"},"modified":"2025-11-06T17:46:20","modified_gmt":"2025-11-06T16:46:20","slug":"les-videos","status":"publish","type":"page","link":"https:\/\/activite-contributive.org\/index.php\/les-videos\/","title":{"rendered":"Vid\u00e9os"},"content":{"rendered":"\n<h4 class=\"wp-block-heading has-accent-color has-text-color has-link-color wp-elements-745b73f6ad864c2181d5ba34081d0507\">La s\u00e9rie vid\u00e9o sur l&rsquo;activit\u00e9 contributive<\/h4>\n\n\n\n<p class=\"has-small-font-size\">1 point-cl\u00e9 de l&rsquo;activit\u00e9 contributive en 1 minute &#8211; 8 \u00e9pisodes<\/p>\n\n\n\n<p class=\"has-small-font-size\">Une s\u00e9rie r\u00e9alis\u00e9e par <a href=\"https:\/\/vinceduquestories.com\/\" data-type=\"link\" data-id=\"https:\/\/vinceduquestories.com\/\" target=\"_blank\" rel=\"noreferrer noopener\">Vince Duqu\u00e9<\/a> et <a href=\"https:\/\/activite-contributive.org\/index.php\/a-propos-de\/\" data-type=\"page\" data-id=\"26\">Carole Lipsyc<\/a><\/p>\n\n\n\n<div class=\"wp-block-columns is-layout-flex wp-container-core-columns-is-layout-1 wp-block-columns-is-layout-flex\">\n<div class=\"wp-block-column is-layout-flow wp-block-column-is-layout-flow\">\n<figure class=\"wp-block-embed is-type-video is-provider-vimeo wp-block-embed-vimeo wp-embed-aspect-16-9 wp-has-aspect-ratio\"><div class=\"wp-block-embed__wrapper\">\n<iframe loading=\"lazy\" title=\"Mon\u00e9tiser, mais qu&#039;est-ce que c&#039;est ?\" src=\"https:\/\/player.vimeo.com\/video\/929489323?dnt=1&amp;app_id=122963\" width=\"580\" height=\"326\" frameborder=\"0\" allow=\"autoplay; fullscreen; picture-in-picture; clipboard-write; encrypted-media; web-share\" referrerpolicy=\"strict-origin-when-cross-origin\"><\/iframe>\n<\/div><figcaption class=\"wp-element-caption\">1. Mon\u00e9tiser : qu&rsquo;est-ce que c&rsquo;est ?<\/figcaption><\/figure>\n<\/div>\n\n\n\n<div class=\"wp-block-column is-layout-flow wp-block-column-is-layout-flow\">\n<figure class=\"wp-block-embed is-type-video is-provider-vimeo wp-block-embed-vimeo wp-embed-aspect-16-9 wp-has-aspect-ratio\"><div class=\"wp-block-embed__wrapper\">\n<iframe loading=\"lazy\" title=\"Lucratif, solvable et contributif\" src=\"https:\/\/player.vimeo.com\/video\/929497761?dnt=1&amp;app_id=122963\" width=\"580\" height=\"326\" frameborder=\"0\" allow=\"autoplay; fullscreen; picture-in-picture; clipboard-write; encrypted-media; web-share\" referrerpolicy=\"strict-origin-when-cross-origin\"><\/iframe>\n<\/div><figcaption class=\"wp-element-caption\">2. Lucratif, solvable et contributif.<\/figcaption><\/figure>\n<\/div>\n<\/div>\n\n\n\n<div class=\"wp-block-columns is-layout-flex wp-container-core-columns-is-layout-2 wp-block-columns-is-layout-flex\">\n<div class=\"wp-block-column is-layout-flow wp-block-column-is-layout-flow\">\n<figure class=\"wp-block-embed is-type-video is-provider-vimeo wp-block-embed-vimeo wp-embed-aspect-16-9 wp-has-aspect-ratio\"><div class=\"wp-block-embed__wrapper\">\n<iframe loading=\"lazy\" title=\"Revenu universel : une solution pour les contributeurs ?\" src=\"https:\/\/player.vimeo.com\/video\/939507330?dnt=1&amp;app_id=122963\" width=\"580\" height=\"326\" frameborder=\"0\" allow=\"autoplay; fullscreen; picture-in-picture; clipboard-write; encrypted-media; web-share\" referrerpolicy=\"strict-origin-when-cross-origin\"><\/iframe>\n<\/div><figcaption class=\"wp-element-caption\">3. Le revenu universel : une solution ?<\/figcaption><\/figure>\n<\/div>\n\n\n\n<div class=\"wp-block-column is-layout-flow wp-block-column-is-layout-flow\">\n<figure class=\"wp-block-embed is-type-video is-provider-vimeo wp-block-embed-vimeo wp-embed-aspect-16-9 wp-has-aspect-ratio\"><div class=\"wp-block-embed__wrapper\">\n<iframe loading=\"lazy\" title=\"La valeur travail\" src=\"https:\/\/player.vimeo.com\/video\/942723789?dnt=1&amp;app_id=122963\" width=\"580\" height=\"326\" frameborder=\"0\" allow=\"autoplay; fullscreen; picture-in-picture; clipboard-write; encrypted-media; web-share\" referrerpolicy=\"strict-origin-when-cross-origin\"><\/iframe>\n<\/div><figcaption class=\"wp-element-caption\">4. La \u00ab\u00a0valeur\u00a0\u00bb travail<\/figcaption><\/figure>\n<\/div>\n<\/div>\n\n\n\n<div class=\"wp-block-columns is-layout-flex wp-container-core-columns-is-layout-3 wp-block-columns-is-layout-flex\">\n<div class=\"wp-block-column is-layout-flow wp-block-column-is-layout-flow\">\n<figure class=\"wp-block-embed is-type-video is-provider-vimeo wp-block-embed-vimeo wp-embed-aspect-16-9 wp-has-aspect-ratio\"><div class=\"wp-block-embed__wrapper\">\n<iframe loading=\"lazy\" title=\"Le prix de vos contributions\" src=\"https:\/\/player.vimeo.com\/video\/945434407?dnt=1&amp;app_id=122963\" width=\"580\" height=\"326\" frameborder=\"0\" allow=\"autoplay; fullscreen; picture-in-picture; clipboard-write; encrypted-media; web-share\" referrerpolicy=\"strict-origin-when-cross-origin\"><\/iframe>\n<\/div><figcaption class=\"wp-element-caption\">5. Le prix de vos contributions<\/figcaption><\/figure>\n<\/div>\n\n\n\n<div class=\"wp-block-column is-layout-flow wp-block-column-is-layout-flow\">\n<figure class=\"wp-block-embed is-type-video is-provider-vimeo wp-block-embed-vimeo wp-embed-aspect-16-9 wp-has-aspect-ratio\"><div class=\"wp-block-embed__wrapper\">\n<iframe loading=\"lazy\" title=\"Servage num\u00e9rique\" src=\"https:\/\/player.vimeo.com\/video\/945437071?dnt=1&amp;app_id=122963\" width=\"580\" height=\"326\" frameborder=\"0\" allow=\"autoplay; fullscreen; picture-in-picture; clipboard-write; encrypted-media; web-share\" referrerpolicy=\"strict-origin-when-cross-origin\"><\/iframe>\n<\/div><figcaption class=\"wp-element-caption\">6. Don et marchandisation<\/figcaption><\/figure>\n<\/div>\n<\/div>\n\n\n\n<div class=\"wp-block-columns is-layout-flex wp-container-core-columns-is-layout-4 wp-block-columns-is-layout-flex\">\n<div class=\"wp-block-column is-layout-flow wp-block-column-is-layout-flow\">\n<figure class=\"wp-block-embed is-type-video is-provider-vimeo wp-block-embed-vimeo wp-embed-aspect-16-9 wp-has-aspect-ratio\"><div class=\"wp-block-embed__wrapper\">\n<iframe loading=\"lazy\" title=\"Don et marchandisation\" src=\"https:\/\/player.vimeo.com\/video\/950503941?dnt=1&amp;app_id=122963\" width=\"580\" height=\"326\" frameborder=\"0\" allow=\"autoplay; fullscreen; picture-in-picture; clipboard-write; encrypted-media; web-share\" referrerpolicy=\"strict-origin-when-cross-origin\"><\/iframe>\n<\/div><figcaption class=\"wp-element-caption\">7. Servage num\u00e9rique<\/figcaption><\/figure>\n<\/div>\n\n\n\n<div class=\"wp-block-column is-layout-flow wp-block-column-is-layout-flow\">\n<figure class=\"wp-block-embed is-type-video is-provider-vimeo wp-block-embed-vimeo wp-embed-aspect-16-9 wp-has-aspect-ratio\"><div class=\"wp-block-embed__wrapper\">\n<iframe loading=\"lazy\" title=\"Quel sacrifice ?\" src=\"https:\/\/player.vimeo.com\/video\/950508401?dnt=1&amp;app_id=122963\" width=\"580\" height=\"326\" frameborder=\"0\" allow=\"autoplay; fullscreen; picture-in-picture; clipboard-write; encrypted-media; web-share\" referrerpolicy=\"strict-origin-when-cross-origin\"><\/iframe>\n<\/div><figcaption class=\"wp-element-caption\">8. Quel sacrifice ?<\/figcaption><\/figure>\n<\/div>\n<\/div>\n\n\n\n<p class=\"has-accent-color has-text-color has-link-color has-normal-font-size wp-elements-2f19b98e8d9c11fddbd8b8d28c7dd7c1\">Shorts et extraits<\/p>\n\n\n\n<div class=\"wp-block-columns is-layout-flex wp-container-core-columns-is-layout-5 wp-block-columns-is-layout-flex\">\n<div class=\"wp-block-column is-layout-flow wp-block-column-is-layout-flow\" style=\"flex-basis:33.33%\">\n<figure class=\"wp-block-embed is-type-video is-provider-youtube wp-block-embed-youtube wp-embed-aspect-16-9 wp-has-aspect-ratio\"><div class=\"wp-block-embed__wrapper\">\n<iframe loading=\"lazy\" title=\"1er mai : Une pens\u00e9e pour les &quot;travailleurs&quot; sans droits\" width=\"489\" height=\"869\" src=\"https:\/\/www.youtube.com\/embed\/QSYYsoWd5KU?feature=oembed\" frameborder=\"0\" allow=\"accelerometer; autoplay; clipboard-write; encrypted-media; gyroscope; picture-in-picture; web-share\" referrerpolicy=\"strict-origin-when-cross-origin\" allowfullscreen><\/iframe>\n<\/div><figcaption class=\"wp-element-caption\">1er mai : Et les contributeurs ?<\/figcaption><\/figure>\n<\/div>\n\n\n\n<div class=\"wp-block-column is-layout-flow wp-block-column-is-layout-flow\" style=\"flex-basis:66.66%\">\n<figure class=\"wp-block-video\"><video controls src=\"https:\/\/activite-contributive.org\/wp-content\/uploads\/2025\/05\/DEFINITIONS-travail.mp4\"><\/video><\/figure>\n<\/div>\n<\/div>\n\n\n\n<p class=\"has-accent-color has-text-color has-link-color has-normal-font-size wp-elements-ac3eb4e0b8e6097f8e69691b112884a1\">15 minutes pour faire le point sur la \u00ab\u00a0valeur travail\u00a0\u00bb<\/p>\n\n\n\n<figure class=\"wp-block-embed is-type-video is-provider-youtube wp-block-embed-youtube wp-embed-aspect-16-9 wp-has-aspect-ratio\"><div class=\"wp-block-embed__wrapper\">\n<iframe loading=\"lazy\" title=\"La valeur travail : Controverse\" width=\"580\" height=\"326\" src=\"https:\/\/www.youtube.com\/embed\/m6tjGYpJKLc?feature=oembed\" frameborder=\"0\" allow=\"accelerometer; autoplay; clipboard-write; encrypted-media; gyroscope; picture-in-picture; web-share\" referrerpolicy=\"strict-origin-when-cross-origin\" allowfullscreen><\/iframe>\n<\/div><\/figure>\n\n\n\n<p class=\"has-accent-color has-text-color has-link-color has-normal-font-size wp-elements-2c7ba060fc2489b97741c27d584b64dd\">La rencontre \u00e0 la librairie la 25e Heure, Paris XV, 6 juin 2024<\/p>\n\n\n\n<div class=\"wp-block-columns is-layout-flex wp-container-core-columns-is-layout-6 wp-block-columns-is-layout-flex\">\n<div class=\"wp-block-column is-layout-flow wp-block-column-is-layout-flow\">\n<figure class=\"wp-block-embed is-type-video is-provider-vimeo wp-block-embed-vimeo wp-embed-aspect-16-9 wp-has-aspect-ratio\"><div class=\"wp-block-embed__wrapper\">\n<iframe loading=\"lazy\" title=\"L&#039;avis du Libraire\" src=\"https:\/\/player.vimeo.com\/video\/956347812?dnt=1&amp;app_id=122963\" width=\"580\" height=\"326\" frameborder=\"0\" allow=\"autoplay; fullscreen; picture-in-picture; clipboard-write; encrypted-media; web-share\" referrerpolicy=\"strict-origin-when-cross-origin\"><\/iframe>\n<\/div><figcaption class=\"wp-element-caption\">L&rsquo;avis du libraire<\/figcaption><\/figure>\n<\/div>\n\n\n\n<div class=\"wp-block-column is-layout-flow wp-block-column-is-layout-flow\">\n<figure class=\"wp-block-embed is-type-video is-provider-vimeo wp-block-embed-vimeo wp-embed-aspect-16-9 wp-has-aspect-ratio\"><div class=\"wp-block-embed__wrapper\">\n<iframe loading=\"lazy\" title=\"Pr\u00e9sentation du livre &quot;L&#039;activit\u00e9 contributive&quot; par le libraire\" src=\"https:\/\/player.vimeo.com\/video\/956091511?dnt=1&amp;app_id=122963\" width=\"580\" height=\"326\" frameborder=\"0\" allow=\"autoplay; fullscreen; picture-in-picture; clipboard-write; encrypted-media; web-share\" referrerpolicy=\"strict-origin-when-cross-origin\"><\/iframe>\n<\/div><figcaption class=\"wp-element-caption\">La pr\u00e9sentation du livre<\/figcaption><\/figure>\n<\/div>\n\n\n\n<div class=\"wp-block-column is-layout-flow wp-block-column-is-layout-flow\">\n<figure class=\"wp-block-embed is-type-video is-provider-vimeo wp-block-embed-vimeo wp-embed-aspect-16-9 wp-has-aspect-ratio\"><div class=\"wp-block-embed__wrapper\">\n<iframe loading=\"lazy\" title=\"Rencontre \u00e0 la libraire la 25e heure - 6 juin 24\" src=\"https:\/\/player.vimeo.com\/video\/956000348?dnt=1&amp;app_id=122963\" width=\"580\" height=\"326\" frameborder=\"0\" allow=\"autoplay; fullscreen; picture-in-picture; clipboard-write; encrypted-media; web-share\" referrerpolicy=\"strict-origin-when-cross-origin\"><\/iframe>\n<\/div><figcaption class=\"wp-element-caption\">Toute la rencontre<\/figcaption><\/figure>\n<\/div>\n<\/div>\n\n\n\n<p class=\"has-accent-color has-text-color has-link-color wp-elements-6e23ed19d540978c4f3c56e8131edcc0\">Les vid\u00e9os de l&rsquo;initiative {contributive}<\/p>\n\n\n\n<p class=\"has-small-font-size\">Fond\u00e9 en 2020 par Carole Lipsyc et <a href=\"https:\/\/contributive.org\/fr\/directory\/2963\">Laurent Gontier<\/a>, <a href=\"https:\/\/contributive.org\/fr\/\">l&rsquo;initiative {contributive}<\/a> est un think tank sur l&rsquo;activit\u00e9 contributive. <\/p>\n\n\n\n<div class=\"wp-block-columns is-layout-flex wp-container-core-columns-is-layout-7 wp-block-columns-is-layout-flex\">\n<div class=\"wp-block-column is-layout-flow wp-block-column-is-layout-flow\">\n<div class=\"wp-block-fv-player-gutenberg-basic\"><iframe id='fv_vimeo_7b10990e2fa61f752ca483a11a493745' src='\/\/player.vimeo.com\/video\/725530543' width='640' height='360' frameborder='0' webkitallowfullscreen mozallowfullscreen allowfullscreen><\/iframe>\n<\/div>\n\n\n\n<p style=\"font-size:13px\">La pr\u00e9sentation de l&rsquo;\u00e9tude sur la mesure \u00e0 Ground Control, juin 2022.<\/p>\n<\/div>\n\n\n\n<div class=\"wp-block-column is-layout-flow wp-block-column-is-layout-flow\">\n<div class=\"wp-block-fv-player-gutenberg-basic\"><iframe id='fv_vimeo_18a37d85f559df6ba730722ace848363' src='\/\/player.vimeo.com\/video\/696598534' width='640' height='360' frameborder='0' webkitallowfullscreen mozallowfullscreen allowfullscreen><\/iframe>\n<\/div>\n\n\n\n<p style=\"font-size:13px\">Vid\u00e9o de pr\u00e9sentation des chiffres cl\u00e9s de l&rsquo;activit\u00e9 contributive par l&rsquo;initiative {contributive}. 2022.<\/p>\n<\/div>\n<\/div>\n\n\n\n<div class=\"wp-block-columns is-layout-flex wp-container-core-columns-is-layout-8 wp-block-columns-is-layout-flex\">\n<div class=\"wp-block-column is-layout-flow wp-block-column-is-layout-flow\">\n<div class=\"wp-block-fv-player-gutenberg-basic\"><iframe id='fv_vimeo_7f48ce1121821f9edf5aa679b3a1741d' src='\/\/player.vimeo.com\/video\/914501960' width='640' height='360' frameborder='0' webkitallowfullscreen mozallowfullscreen allowfullscreen><\/iframe>\n<\/div>\n\n\n\n<p style=\"font-size:13px\">Introduction \u00e0 la soir\u00e9e de cl\u00f4ture de l&rsquo;enqu\u00eate {contributive}. R\u00e9enregistrement du texte.<\/p>\n<\/div>\n\n\n\n<div class=\"wp-block-column is-layout-flow wp-block-column-is-layout-flow\"><\/div>\n<\/div>\n\n\n\n<div class=\"wp-block-columns is-layout-flex wp-container-core-columns-is-layout-9 wp-block-columns-is-layout-flex\">\n<div class=\"wp-block-column is-layout-flow wp-block-column-is-layout-flow\"><\/div>\n\n\n\n<div class=\"wp-block-column is-layout-flow wp-block-column-is-layout-flow\"><\/div>\n<\/div>\n\n\n\n<p class=\"has-text-align-center\"><\/p>\n","protected":false},"excerpt":{"rendered":"<p>La s\u00e9rie vid\u00e9o sur l&rsquo;activit\u00e9 contributive 1 point-cl\u00e9 de l&rsquo;activit\u00e9 contributive en 1 minute &#8211; 8 \u00e9pisodes Une s\u00e9rie r\u00e9alis\u00e9e par Vince Duqu\u00e9 et Carole Lipsyc Shorts et extraits 15 minutes pour faire le point sur la \u00ab\u00a0valeur travail\u00a0\u00bb La rencontre \u00e0 la librairie la 25e Heure, Paris XV, 6 juin 2024 Les vid\u00e9os de [&hellip;]<\/p>\n","protected":false},"author":1,"featured_media":0,"parent":0,"menu_order":0,"comment_status":"closed","ping_status":"closed","template":"","meta":{"footnotes":""},"_links":{"self":[{"href":"https:\/\/activite-contributive.org\/index.php\/wp-json\/wp\/v2\/pages\/376"}],"collection":[{"href":"https:\/\/activite-contributive.org\/index.php\/wp-json\/wp\/v2\/pages"}],"about":[{"href":"https:\/\/activite-contributive.org\/index.php\/wp-json\/wp\/v2\/types\/page"}],"author":[{"embeddable":true,"href":"https:\/\/activite-contributive.org\/index.php\/wp-json\/wp\/v2\/users\/1"}],"replies":[{"embeddable":true,"href":"https:\/\/activite-contributive.org\/index.php\/wp-json\/wp\/v2\/comments?post=376"}],"version-history":[{"count":24,"href":"https:\/\/activite-contributive.org\/index.php\/wp-json\/wp\/v2\/pages\/376\/revisions"}],"predecessor-version":[{"id":1661,"href":"https:\/\/activite-contributive.org\/index.php\/wp-json\/wp\/v2\/pages\/376\/revisions\/1661"}],"wp:attachment":[{"href":"https:\/\/activite-contributive.org\/index.php\/wp-json\/wp\/v2\/media?parent=376"}],"curies":[{"name":"wp","href":"https:\/\/api.w.org\/{rel}","templated":true}]}}